{"id":292,"date":"2024-05-22T16:48:44","date_gmt":"2024-05-22T14:48:44","guid":{"rendered":"https:\/\/ludi-scaenici.it\/qui-sommes-nous\/"},"modified":"2024-05-24T14:12:14","modified_gmt":"2024-05-24T12:12:14","slug":"qui-sommes-nous","status":"publish","type":"page","link":"https:\/\/ludi-scaenici.it\/fr\/qui-sommes-nous\/","title":{"rendered":"Qui sommes-nous"},"content":{"rendered":"<div id=\"cs-content\" class=\"cs-content\"><\/div>\n","protected":false},"excerpt":{"rendered":"<p>LVDI SC\u00c6NICI m\u00e8ne des activit\u00e9s de concert en Italie et \u00e0 l&rsquo;\u00e9tranger, en collaboration \u00e9galement avec l&rsquo;Universit\u00e9 \u00ab La Sapienza \u00bb de Rome et avec l&rsquo;Universit\u00e9 de Tarragone (Catalogne) o\u00f9 il a particip\u00e9, entre autres, au \u00abTarraco Viva\u00bb de 2000 \u00e0 aujourd&rsquo;hui pour le Mus\u00e9e d&rsquo;Histoire de Tarragone ; toujours en Espagne, il a jou\u00e9 pour le cycle de concerts &#8230; <\/p>\n<div><a href=\"https:\/\/ludi-scaenici.it\/fr\/qui-sommes-nous\/\" class=\"more-link\">Read More<\/a><\/div>\n","protected":false},"author":1,"featured_media":0,"parent":0,"menu_order":0,"comment_status":"closed","ping_status":"closed","template":"template-blank-4.php","meta":{"footnotes":""},"class_list":["post-292","page","type-page","status-publish","hentry","no-post-thumbnail"],"_links":{"self":[{"href":"https:\/\/ludi-scaenici.it\/fr\/wp-json\/wp\/v2\/pages\/292","targetHints":{"allow":["GET"]}}],"collection":[{"href":"https:\/\/ludi-scaenici.it\/fr\/wp-json\/wp\/v2\/pages"}],"about":[{"href":"https:\/\/ludi-scaenici.it\/fr\/wp-json\/wp\/v2\/types\/page"}],"author":[{"embeddable":true,"href":"https:\/\/ludi-scaenici.it\/fr\/wp-json\/wp\/v2\/users\/1"}],"replies":[{"embeddable":true,"href":"https:\/\/ludi-scaenici.it\/fr\/wp-json\/wp\/v2\/comments?post=292"}],"version-history":[{"count":1,"href":"https:\/\/ludi-scaenici.it\/fr\/wp-json\/wp\/v2\/pages\/292\/revisions"}],"predecessor-version":[{"id":293,"href":"https:\/\/ludi-scaenici.it\/fr\/wp-json\/wp\/v2\/pages\/292\/revisions\/293"}],"wp:attachment":[{"href":"https:\/\/ludi-scaenici.it\/fr\/wp-json\/wp\/v2\/media?parent=292"}],"curies":[{"name":"wp","href":"https:\/\/api.w.org\/{rel}","templated":true}]}}