{"id":296,"date":"2019-12-09T17:43:05","date_gmt":"2019-12-09T16:43:05","guid":{"rendered":"https:\/\/ludi-scaenici.it\/ludi-scaenici\/"},"modified":"2024-05-24T14:13:34","modified_gmt":"2024-05-24T12:13:34","slug":"ludi-scaenici","status":"publish","type":"page","link":"https:\/\/ludi-scaenici.it\/fr\/","title":{"rendered":"Ludi Scaenici"},"content":{"rendered":"<div id=\"cs-content\" class=\"cs-content\"><\/div>\n","protected":false},"excerpt":{"rendered":"<p>En 364 av. J.C. Rome subit une terrible pestilence. Pour calmer la col\u00e8re des Dieux furent institu\u00e9s des LVDI SC\u00c6NICI durant lesquels des \u00ab\u00a0Ludiones\u00a0\u00bb (danseurs-acteurs \u00e9trusques)dansant au son des tibiae mais sans chanter eux-m\u00eames et sans mimer le chant par quelque repr\u00e9sentation que ce soit, se mouvaient non sans gr\u00e2ce \u00e0 la mani\u00e8re \u00e9trusque(Livio VII, 2)Telle fut la premi\u00e8re forme &#8230; <\/p>\n<div><a href=\"https:\/\/ludi-scaenici.it\/fr\/\" class=\"more-link\">Read More<\/a><\/div>\n","protected":false},"author":1,"featured_media":247,"parent":0,"menu_order":0,"comment_status":"closed","ping_status":"closed","template":"template-blank-4.php","meta":{"footnotes":""},"class_list":["post-296","page","type-page","status-publish","has-post-thumbnail","hentry"],"_links":{"self":[{"href":"https:\/\/ludi-scaenici.it\/fr\/wp-json\/wp\/v2\/pages\/296","targetHints":{"allow":["GET"]}}],"collection":[{"href":"https:\/\/ludi-scaenici.it\/fr\/wp-json\/wp\/v2\/pages"}],"about":[{"href":"https:\/\/ludi-scaenici.it\/fr\/wp-json\/wp\/v2\/types\/page"}],"author":[{"embeddable":true,"href":"https:\/\/ludi-scaenici.it\/fr\/wp-json\/wp\/v2\/users\/1"}],"replies":[{"embeddable":true,"href":"https:\/\/ludi-scaenici.it\/fr\/wp-json\/wp\/v2\/comments?post=296"}],"version-history":[{"count":1,"href":"https:\/\/ludi-scaenici.it\/fr\/wp-json\/wp\/v2\/pages\/296\/revisions"}],"predecessor-version":[{"id":297,"href":"https:\/\/ludi-scaenici.it\/fr\/wp-json\/wp\/v2\/pages\/296\/revisions\/297"}],"wp:featuredmedia":[{"embeddable":true,"href":"https:\/\/ludi-scaenici.it\/fr\/wp-json\/wp\/v2\/media\/247"}],"wp:attachment":[{"href":"https:\/\/ludi-scaenici.it\/fr\/wp-json\/wp\/v2\/media?parent=296"}],"curies":[{"name":"wp","href":"https:\/\/api.w.org\/{rel}","templated":true}]}}