{"id":298,"date":"2024-05-22T16:47:31","date_gmt":"2024-05-22T14:47:31","guid":{"rendered":"https:\/\/ludi-scaenici.it\/musique-et-danse\/"},"modified":"2024-05-24T14:12:47","modified_gmt":"2024-05-24T12:12:47","slug":"musique-et-danse","status":"publish","type":"page","link":"https:\/\/ludi-scaenici.it\/fr\/musique-et-danse\/","title":{"rendered":"Musique et Danse"},"content":{"rendered":"<div id=\"cs-content\" class=\"cs-content\"><\/div>\n","protected":false},"excerpt":{"rendered":"<p>La musique, les instruments musicaux, la danse Le mat\u00e9riel utile \u00e2 l&rsquo;\u00e9tude de la musique du monde romain ne manque pas, m\u00eame s&rsquo;il concerne les instruments musicaux plus que la musique elle-m\u00eame. En effet il n&rsquo;existe pas de fragments musicaux de l&rsquo;\u00e9poque mais heureusement quelques instruments de musique ont surv\u00e9cu ainsi que de nombreuses repr\u00e9sentations d&rsquo;instruments \u00e2 vent et \u00e2 &#8230; <\/p>\n<div><a href=\"https:\/\/ludi-scaenici.it\/fr\/musique-et-danse\/\" class=\"more-link\">Read More<\/a><\/div>\n","protected":false},"author":1,"featured_media":0,"parent":0,"menu_order":0,"comment_status":"closed","ping_status":"closed","template":"template-blank-4.php","meta":{"footnotes":""},"class_list":["post-298","page","type-page","status-publish","hentry","no-post-thumbnail"],"_links":{"self":[{"href":"https:\/\/ludi-scaenici.it\/fr\/wp-json\/wp\/v2\/pages\/298","targetHints":{"allow":["GET"]}}],"collection":[{"href":"https:\/\/ludi-scaenici.it\/fr\/wp-json\/wp\/v2\/pages"}],"about":[{"href":"https:\/\/ludi-scaenici.it\/fr\/wp-json\/wp\/v2\/types\/page"}],"author":[{"embeddable":true,"href":"https:\/\/ludi-scaenici.it\/fr\/wp-json\/wp\/v2\/users\/1"}],"replies":[{"embeddable":true,"href":"https:\/\/ludi-scaenici.it\/fr\/wp-json\/wp\/v2\/comments?post=298"}],"version-history":[{"count":1,"href":"https:\/\/ludi-scaenici.it\/fr\/wp-json\/wp\/v2\/pages\/298\/revisions"}],"predecessor-version":[{"id":299,"href":"https:\/\/ludi-scaenici.it\/fr\/wp-json\/wp\/v2\/pages\/298\/revisions\/299"}],"wp:attachment":[{"href":"https:\/\/ludi-scaenici.it\/fr\/wp-json\/wp\/v2\/media?parent=298"}],"curies":[{"name":"wp","href":"https:\/\/api.w.org\/{rel}","templated":true}]}}